{"id":331863,"date":"2022-12-27T15:57:15","date_gmt":"2022-12-27T14:57:15","guid":{"rendered":"https:\/\/medizinonline.com\/diabetes-en-movimiento\/"},"modified":"2023-01-12T14:45:22","modified_gmt":"2023-01-12T13:45:22","slug":"diabetes-en-movimiento","status":"publish","type":"page","link":"https:\/\/medizinonline.com\/es\/diabetes-en-movimiento\/","title":{"rendered":"Diabetes en movimiento"},"content":{"rendered":"\t<div class=\"cnvs-block-section cnvs-block-section-1642020437365 cnvs-block-section-layout-full cnvs-block-section-fullwidth\" >\n\t\t<div class=\"cnvs-block-section-outer\" style=\"\">\n\t\t\t<div class=\"cnvs-block-section-inner\">\n\t\t\t\t\n\n<div class=\"cnvs-block-section-content cnvs-block-section-content-1642020453309\" >\n\t<div class=\"cnvs-block-section-content-inner\">\n\t\t\n\n<div class=\"cnvs-block-alert cnvs-block-alert-1642020987036 is-style-cnvs-block-alert-info\" >\n\t<div class=\"cnvs-block-alert-inner\">\n\t\t\n\n<div class=\"wp-block-columns is-layout-flex wp-container-core-columns-is-layout-28f84493 wp-block-columns-is-layout-flex\">\n<div class=\"wp-block-column is-layout-flow wp-block-column-is-layout-flow\" style=\"flex-basis:20%\">\n<figure class=\"wp-block-image size-large\"><img fetchpriority=\"high\" decoding=\"async\" width=\"1160\" height=\"580\" src=\"https:\/\/medizinonline.com\/wp-content\/uploads\/2020\/03\/mundipharma-logo-rgb_main-screen-1160x580.jpg\" alt=\"mundipharma-logo-rgb_pantalla_principal\" class=\"wp-image-22259\" srcset=\"https:\/\/medizinonline.com\/wp-content\/uploads\/2020\/03\/mundipharma-logo-rgb_main-screen-1160x580.jpg 1160w, https:\/\/medizinonline.com\/wp-content\/uploads\/2020\/03\/mundipharma-logo-rgb_main-screen-800x400.jpg 800w, https:\/\/medizinonline.com\/wp-content\/uploads\/2020\/03\/mundipharma-logo-rgb_main-screen-120x60.jpg 120w, https:\/\/medizinonline.com\/wp-content\/uploads\/2020\/03\/mundipharma-logo-rgb_main-screen-90x45.jpg 90w, https:\/\/medizinonline.com\/wp-content\/uploads\/2020\/03\/mundipharma-logo-rgb_main-screen-320x160.jpg 320w, https:\/\/medizinonline.com\/wp-content\/uploads\/2020\/03\/mundipharma-logo-rgb_main-screen-560x280.jpg 560w, https:\/\/medizinonline.com\/wp-content\/uploads\/2020\/03\/mundipharma-logo-rgb_main-screen-1120x560.jpg 1120w, https:\/\/medizinonline.com\/wp-content\/uploads\/2020\/03\/mundipharma-logo-rgb_main-screen.jpg 1299w\" sizes=\"(max-width: 1160px) 100vw, 1160px\" \/><\/figure>\n<\/div>\n\n\n\n<div class=\"wp-block-column is-layout-flow wp-block-column-is-layout-flow\">\n<p>El micrositio cuenta con el apoyo de Mundipharma Medical Company, sucursal de Basilea.<\/p>\n\n\n\n<p>Si los temas ofrecidos le parecen interesantes y desea recibir m\u00e1s informaci\u00f3n de mundipharma, <a href=\"https:\/\/medizinonline.com\/kontaktaufnahme-mit-mundipharma\/\" data-type=\"post\" data-id=\"14280\">haga clic aqu\u00ed<\/a><\/p>\n<\/div>\n<\/div>\n\n\t<\/div>\n\t<\/div>\n\n\n\n<h5 id=\"destacados\" class=\"cnvs-block-section-heading cnvs-block-section-heading-1668932802291 is-style-cnvs-block-section-heading-12 halignleft\" >\n\t<span class=\"cnvs-section-title\">\n\t\t<span>Destacados<\/span>\n\t<\/span>\n<\/h5>\n\n\n\t<div class=\"cnvs-block-posts cnvs-block-posts-1642020615535 cnvs-block-posts-layout-slider-boxed\">\n\n\t\t<section class=\"cs-block-section-slider cs-block-section-slider-boxed\">\n\n\t\t\t<div class=\"cs-block-slider-container cs-block-slider-featured cs-block-slider-boxed\"  data-autoplay=\"1\" data-timeout=\"7000\">\n\t\t\t\t<div class=\"owl-carousel\">\n\t\t\t\t\t\t\t\t\t\t\t<article class=\"layout-size-large post-327780 post type-post status-publish format-standard has-post-thumbnail category-contenido-para-socios category-endocrinologia-y-diabetologia category-formacion-cme category-formacion-continua category-rx-es tag-diabetes-en-movimiento tag-formacion-cme pmpro-has-access\">\n\n\t\t\t\t\t\t\t<div class=\"post-outer overlay slide-parallax\">\n\t\t\t\t\t\t\t\t\t<div class=\"overlay-media\">\n\t\t\t\t\t\t\t\t\t\t<img decoding=\"async\" width=\"1160\" height=\"445\" data-src=\"https:\/\/medizinonline.com\/wp-content\/uploads\/2020\/10\/diabetes2_3-1160x445.jpg\" class=\"jarallax-img wp-post-image lazyload\" alt=\"\" data-srcset=\"https:\/\/medizinonline.com\/wp-content\/uploads\/2020\/10\/diabetes2_3-1160x445.jpg 1160w, https:\/\/medizinonline.com\/wp-content\/uploads\/2020\/10\/diabetes2_3-800x307.jpg 800w, https:\/\/medizinonline.com\/wp-content\/uploads\/2020\/10\/diabetes2_3-120x46.jpg 120w, https:\/\/medizinonline.com\/wp-content\/uploads\/2020\/10\/diabetes2_3-90x35.jpg 90w, https:\/\/medizinonline.com\/wp-content\/uploads\/2020\/10\/diabetes2_3-320x123.jpg 320w, https:\/\/medizinonline.com\/wp-content\/uploads\/2020\/10\/diabetes2_3-560x215.jpg 560w, https:\/\/medizinonline.com\/wp-content\/uploads\/2020\/10\/diabetes2_3-240x92.jpg 240w, https:\/\/medizinonline.com\/wp-content\/uploads\/2020\/10\/diabetes2_3-180x69.jpg 180w, https:\/\/medizinonline.com\/wp-content\/uploads\/2020\/10\/diabetes2_3-640x245.jpg 640w, https:\/\/medizinonline.com\/wp-content\/uploads\/2020\/10\/diabetes2_3-1120x430.jpg 1120w, https:\/\/medizinonline.com\/wp-content\/uploads\/2020\/10\/diabetes2_3.jpg 1400w\" data-sizes=\"(max-width: 1160px) 100vw, 1160px\" src=\"data:image\/svg+xml;base64,PHN2ZyB3aWR0aD0iMSIgaGVpZ2h0PSIxIiB4bWxucz0iaHR0cDovL3d3dy53My5vcmcvMjAwMC9zdmciPjwvc3ZnPg==\" style=\"--smush-placeholder-width: 1160px; --smush-placeholder-aspect-ratio: 1160\/445;\" \/>\t\t\t\t\t\t\t\t\t\t<a href=\"https:\/\/medizinonline.com\/es\/video-de-formacion-cme-sobre-la-gestion-moderna-de-la-diabetes\/\" class=\"overlay-link\"><\/a>\n\t\t\t\t\t\t\t\t\t<\/div>\n\t\t\t\t\t\t\t\t\t<div class=\"overlay-outer post-inner\">\n\t\t\t\t\t\t\t\t\t\t<div class=\"overlay-inner\">\n\n\t\t\t\t\t\t\t\t\t\t\t\t\t\t\t\t\t\t\t\t\t\t\t\t<ul class=\"post-meta\">\n\t\t\t\t\t\t\t\t\t\t\t\t\t\t<li class=\"meta-eyebrow-text\">Diabetes en movimiento<\/li>\n\t\t\t\t\t\t\t\t\t\t\t\t\t<\/ul>\n\t\t\t\t\t\t\t\t\t\t\t\t\t\n\t\t\t\t\t\t\t\t\t\t\t<h2 class=\"entry-title\">\n\t\t\t\t\t\t\t\t\t\t\t\t<a href=\"https:\/\/medizinonline.com\/es\/video-de-formacion-cme-sobre-la-gestion-moderna-de-la-diabetes\/\">V\u00eddeo de formaci\u00f3n CME sobre la gesti\u00f3n moderna de la diabetes<\/a>\n\t\t\t\t\t\t\t\t\t\t\t<\/h2>\n\n\t\t\t\t\t\t\t\t\t\t\t<ul class=\"post-meta\"><li class=\"meta-category\"><ul class=\"post-categories\">\n\t<li><a href=\"https:\/\/medizinonline.com\/es\/categoria\/contenido-para-socios\/\" rel=\"category tag\">Contenido para socios<\/a><\/li>\n\t<li><a href=\"https:\/\/medizinonline.com\/es\/categoria\/endocrinologia-y-diabetologia\/\" rel=\"category tag\">Endocrinolog\u00eda y diabetolog\u00eda<\/a><\/li>\n\t<li><a href=\"https:\/\/medizinonline.com\/es\/categoria\/formacion-cme\/\" rel=\"category tag\">Formaci\u00f3n CME<\/a><\/li>\n\t<li><a href=\"https:\/\/medizinonline.com\/es\/categoria\/formacion-continua\/\" rel=\"category tag\">Formaci\u00f3n continua<\/a><\/li>\n\t<li><a href=\"https:\/\/medizinonline.com\/es\/categoria\/rx-es\/\" rel=\"category tag\">RX<\/a><\/li><\/ul><\/li><\/ul>\n\t\t\t\t\t\t\t\t\t\t\t\t\t\t\t\t\t\t\t\t\t\t\t<div class=\"view-post-button\">\n\t\t\t\t\t\t\t\t\t\t\t\t\t\t<div class=\"wp-block-button\">\n\t\t<a class=\"wp-block-button__link  button-effect\" href=\"https:\/\/medizinonline.com\/es\/video-de-formacion-cme-sobre-la-gestion-moderna-de-la-diabetes\/\" target=\"\">\n\t\t\t<span>Ver Publicaci\u00f3n<\/span>\n\t\t\t<span><i class=\"cs-icon cs-icon-arrow-right\"><\/i><\/span>\n\t\t<\/a>\n\t<\/div>\n\t\t\t\t\t\t\t\t\t\t\t\t\t<\/div>\n\t\t\t\t\t\t\t\t\t\t\t\t\t\t\t\t\t\t\t\t\t\t<\/div>\n\t\t\t\t\t\t\t\t\t<\/div>\n\t\t\t\t\t\t\t<\/div>\n\n\t\t\t\t\t\t<\/article>\n\t\t\t\t\t\t\t\t\t\t<\/div>\n\n\t\t\t\t<div class=\"owl-arrows\"><\/div>\n\t\t\t\t<div class=\"owl-dots\"><\/div>\n\t\t\t<\/div>\n\t\t<\/section>\n\t<\/div>\n\t\n\n\n<hr class=\"wp-block-separator has-css-opacity alignwide is-style-wide\"\/>\n\n\n\n\n\n\t<\/div>\n<\/div>\n\n\t\t\t<\/div>\n\t\t<\/div>\n\t<\/div>\n\n\t\n<div style=\"height:100px\" aria-hidden=\"true\" class=\"wp-block-spacer\"><\/div>\n","protected":false},"excerpt":{"rendered":"","protected":false},"author":16797,"featured_media":133776,"parent":0,"menu_order":0,"comment_status":"closed","ping_status":"closed","template":"template-canvas-fullwidth.php","meta":{"_acf_changed":false,"pmpro_default_level":"","footnotes":""},"class_list":["post-331863","page","type-page","status-publish","has-post-thumbnail","pmpro-has-access"],"acf":[],"publishpress_future_action":{"enabled":false,"date":"2026-05-07 03:09:14","action":"change-status","newStatus":"draft","terms":[],"taxonomy":"translation_priority","extraData":[]},"publishpress_future_workflow_manual_trigger":{"enabledWorkflows":[]},"wpml_current_locale":"es_ES","wpml_translations":[],"_links":{"self":[{"href":"https:\/\/medizinonline.com\/es\/wp-json\/wp\/v2\/pages\/331863","targetHints":{"allow":["GET"]}}],"collection":[{"href":"https:\/\/medizinonline.com\/es\/wp-json\/wp\/v2\/pages"}],"about":[{"href":"https:\/\/medizinonline.com\/es\/wp-json\/wp\/v2\/types\/page"}],"author":[{"embeddable":true,"href":"https:\/\/medizinonline.com\/es\/wp-json\/wp\/v2\/users\/16797"}],"replies":[{"embeddable":true,"href":"https:\/\/medizinonline.com\/es\/wp-json\/wp\/v2\/comments?post=331863"}],"version-history":[{"count":1,"href":"https:\/\/medizinonline.com\/es\/wp-json\/wp\/v2\/pages\/331863\/revisions"}],"predecessor-version":[{"id":331866,"href":"https:\/\/medizinonline.com\/es\/wp-json\/wp\/v2\/pages\/331863\/revisions\/331866"}],"wp:featuredmedia":[{"embeddable":true,"href":"https:\/\/medizinonline.com\/es\/wp-json\/wp\/v2\/media\/133776"}],"wp:attachment":[{"href":"https:\/\/medizinonline.com\/es\/wp-json\/wp\/v2\/media?parent=331863"}],"curies":[{"name":"wp","href":"https:\/\/api.w.org\/{rel}","templated":true}]}}