{"id":331876,"date":"2014-09-05T11:42:03","date_gmt":"2014-09-05T09:42:03","guid":{"rendered":"https:\/\/medizinonline.com\/pie-de-imprenta\/"},"modified":"2023-01-24T20:37:08","modified_gmt":"2023-01-24T19:37:08","slug":"pie-de-imprenta","status":"publish","type":"page","link":"https:\/\/medizinonline.com\/es\/pie-de-imprenta\/","title":{"rendered":"Pie de imprenta"},"content":{"rendered":"\n<p>Prime Public Media AG<br\/>Neugasse 10<br\/>CH-8005 Z\u00farich<br\/>Tel: +41 44 250 28 70<br\/>Correo electr\u00f3nico: info@medizinonline.com<\/p>\n\n<p>Registro Mercantil del Cant\u00f3n de Z\u00farich<br\/>CHE-246.600.401<\/p>\n\n<p>CEO<br\/>Stefan C. Schreiber<\/p>\n\n<p>El proveedor de medizinonline.com es Prime Public Media AG, a menos que otras empresas se identifiquen como proveedores en partes de la oferta global identificadas por separado.<br\/>A pesar de la cuidadosa comprobaci\u00f3n por parte de los editores, no se puede aceptar ninguna responsabilidad por la exactitud de las publicaciones. Asimismo, no se asume ninguna responsabilidad por los contenidos a los que se pueda acceder a trav\u00e9s de enlaces externos o que est\u00e9n publicados de forma reconocible por terceros.<br\/>Los contenidos puestos a disposici\u00f3n en medizinonline.com no podr\u00e1n -ni siquiera en parte- ser retomados, reimpresos, colocados en servicios o redes de Internet de cualquier tipo, almacenados en soportes de datos y distribuidos o reproducidos, difundidos, puestos a disposici\u00f3n del p\u00fablico o explotados de cualquier otra forma sin el consentimiento previo por escrito.<\/p>\n","protected":false},"excerpt":{"rendered":"<p>Prime Public Media AGNeugasse 10CH-8005 Z\u00farichTel: +41 44 250 28 70Correo electr\u00f3nico: info@medizinonline.com Registro Mercantil del Cant\u00f3n de Z\u00farichCHE-246.600.401 CEOStefan C. Schreiber El proveedor de medizinonline.com es Prime Public Media&hellip;<\/p>\n","protected":false},"author":7,"featured_media":0,"parent":0,"menu_order":0,"comment_status":"closed","ping_status":"closed","template":"","meta":{"_acf_changed":false,"pmpro_default_level":"","footnotes":""},"class_list":["post-331876","page","type-page","status-publish","pmpro-has-access"],"acf":[],"publishpress_future_action":{"enabled":false,"date":"2026-05-16 12:48:00","action":"change-status","newStatus":"draft","terms":[],"taxonomy":"translation_priority","extraData":[]},"publishpress_future_workflow_manual_trigger":{"enabledWorkflows":[]},"wpml_current_locale":"es_ES","wpml_translations":[],"_links":{"self":[{"href":"https:\/\/medizinonline.com\/es\/wp-json\/wp\/v2\/pages\/331876","targetHints":{"allow":["GET"]}}],"collection":[{"href":"https:\/\/medizinonline.com\/es\/wp-json\/wp\/v2\/pages"}],"about":[{"href":"https:\/\/medizinonline.com\/es\/wp-json\/wp\/v2\/types\/page"}],"author":[{"embeddable":true,"href":"https:\/\/medizinonline.com\/es\/wp-json\/wp\/v2\/users\/7"}],"replies":[{"embeddable":true,"href":"https:\/\/medizinonline.com\/es\/wp-json\/wp\/v2\/comments?post=331876"}],"version-history":[{"count":2,"href":"https:\/\/medizinonline.com\/es\/wp-json\/wp\/v2\/pages\/331876\/revisions"}],"predecessor-version":[{"id":348753,"href":"https:\/\/medizinonline.com\/es\/wp-json\/wp\/v2\/pages\/331876\/revisions\/348753"}],"wp:attachment":[{"href":"https:\/\/medizinonline.com\/es\/wp-json\/wp\/v2\/media?parent=331876"}],"curies":[{"name":"wp","href":"https:\/\/api.w.org\/{rel}","templated":true}]}}