{"id":331870,"date":"2014-09-05T11:42:03","date_gmt":"2014-09-05T09:42:03","guid":{"rendered":"https:\/\/medizinonline.com\/mentions-legales\/"},"modified":"2023-01-24T20:37:08","modified_gmt":"2023-01-24T19:37:08","slug":"mentions-legales","status":"publish","type":"page","link":"https:\/\/medizinonline.com\/fr\/mentions-legales\/","title":{"rendered":"Mentions l\u00e9gales"},"content":{"rendered":"\n<p>Prime Public Media AG<br\/>10, rue Neuve<br\/>CH-8005 Zurich<br\/>T\u00e9l : +41 44 250 28 70<br\/>Courrier \u00e9lectronique : info@medizinonline.com<\/p>\n\n<p>Registre du commerce du canton de Zurich<br\/>CHE-246.600.401<\/p>\n\n<p>PDG<br\/>Stefan C. Schreiber<\/p>\n\n<p>Le fournisseur de medizinonline.com est Prime Public Media AG, \u00e0 moins que d&#8217;autres entreprises ne soient indiqu\u00e9es comme fournisseurs dans des parties s\u00e9par\u00e9es de l&#8217;offre globale.<br\/>Malgr\u00e9 un contr\u00f4le minutieux de la part de la r\u00e9daction, aucune responsabilit\u00e9 ne peut \u00eatre assum\u00e9e quant \u00e0 l&#8217;exactitude des publications. De m\u00eame, aucune responsabilit\u00e9 n&#8217;est assum\u00e9e pour les contenus accessibles par des liens externes ou visiblement mis en ligne par des tiers.<br\/>Les contenus mis \u00e0 disposition sur medizinonline.com &#8211; m\u00eame sous forme d&#8217;extraits &#8211; ne peuvent \u00eatre repris, r\u00e9imprim\u00e9s, mis en ligne sur des services Internet ou des r\u00e9seaux de toute nature, enregistr\u00e9s et diffus\u00e9s sur des supports de donn\u00e9es ou autrement reproduits, diffus\u00e9s, rendus accessibles au public ou exploit\u00e9s d&#8217;une autre mani\u00e8re sans autorisation \u00e9crite pr\u00e9alable.<\/p>\n","protected":false},"excerpt":{"rendered":"<p>Prime Public Media AG10, rue NeuveCH-8005 ZurichT\u00e9l : +41 44 250 28 70Courrier \u00e9lectronique : info@medizinonline.com Registre du commerce du canton de ZurichCHE-246.600.401 PDGStefan C. Schreiber Le fournisseur de medizinonline.com&hellip;<\/p>\n","protected":false},"author":7,"featured_media":0,"parent":0,"menu_order":0,"comment_status":"closed","ping_status":"closed","template":"","meta":{"_acf_changed":false,"pmpro_default_level":"","footnotes":""},"class_list":["post-331870","page","type-page","status-publish","pmpro-has-access"],"acf":[],"publishpress_future_action":{"enabled":false,"date":"2026-04-21 22:51:00","action":"change-status","newStatus":"draft","terms":[],"taxonomy":"translation_priority","extraData":[]},"publishpress_future_workflow_manual_trigger":{"enabledWorkflows":[]},"wpml_current_locale":"fr_FR","wpml_translations":{"it_IT":{"locale":"it_IT","id":331872,"slug":"impronta","post_title":"Impronta","href":"https:\/\/medizinonline.com\/it\/impronta\/"},"pt_PT":{"locale":"pt_PT","id":331874,"slug":"impressao","post_title":"Impress\u00e3o","href":"https:\/\/medizinonline.com\/pt-pt\/impressao\/"},"es_ES":{"locale":"es_ES","id":331876,"slug":"pie-de-imprenta","post_title":"Pie de imprenta","href":"https:\/\/medizinonline.com\/es\/pie-de-imprenta\/"}},"_links":{"self":[{"href":"https:\/\/medizinonline.com\/fr\/wp-json\/wp\/v2\/pages\/331870","targetHints":{"allow":["GET"]}}],"collection":[{"href":"https:\/\/medizinonline.com\/fr\/wp-json\/wp\/v2\/pages"}],"about":[{"href":"https:\/\/medizinonline.com\/fr\/wp-json\/wp\/v2\/types\/page"}],"author":[{"embeddable":true,"href":"https:\/\/medizinonline.com\/fr\/wp-json\/wp\/v2\/users\/7"}],"replies":[{"embeddable":true,"href":"https:\/\/medizinonline.com\/fr\/wp-json\/wp\/v2\/comments?post=331870"}],"version-history":[{"count":2,"href":"https:\/\/medizinonline.com\/fr\/wp-json\/wp\/v2\/pages\/331870\/revisions"}],"predecessor-version":[{"id":348755,"href":"https:\/\/medizinonline.com\/fr\/wp-json\/wp\/v2\/pages\/331870\/revisions\/348755"}],"wp:attachment":[{"href":"https:\/\/medizinonline.com\/fr\/wp-json\/wp\/v2\/media?parent=331870"}],"curies":[{"name":"wp","href":"https:\/\/api.w.org\/{rel}","templated":true}]}}