{"id":331665,"date":"2022-12-27T17:27:52","date_gmt":"2022-12-27T16:27:52","guid":{"rendered":"https:\/\/medizinonline.com\/vacinacao\/"},"modified":"2023-01-12T14:43:02","modified_gmt":"2023-01-12T13:43:02","slug":"vacinacao","status":"publish","type":"page","link":"https:\/\/medizinonline.com\/pt-pt\/vacinacao\/","title":{"rendered":"Vacina\u00e7\u00e3o"},"content":{"rendered":"\t<div class=\"cnvs-block-section cnvs-block-section-1642020437365 cnvs-block-section-layout-full cnvs-block-section-fullwidth\" >\n\t\t<div class=\"cnvs-block-section-outer\" style=\"\">\n\t\t\t<div class=\"cnvs-block-section-inner\">\n\t\t\t\t\n\n<div class=\"cnvs-block-section-content cnvs-block-section-content-1642020453309\" >\n\t<div class=\"cnvs-block-section-content-inner\">\n\t\t\n\n<p>Temos actualmente os seguintes f\u00f3runs de parceiros activos para si no dom\u00ednio da vacina\u00e7\u00e3o:<\/p>\n\n\n\n\n\n<div style=\"height:100px\" aria-hidden=\"true\" class=\"wp-block-spacer\"><\/div>\n\n\t<\/div>\n<\/div>\n\n\t\t\t<\/div>\n\t\t<\/div>\n\t<\/div>\n\n\t","protected":false},"excerpt":{"rendered":"","protected":false},"author":16797,"featured_media":133825,"parent":0,"menu_order":0,"comment_status":"closed","ping_status":"closed","template":"template-canvas-fullwidth.php","meta":{"_acf_changed":false,"pmpro_default_level":"","footnotes":""},"class_list":["post-331665","page","type-page","status-publish","has-post-thumbnail","pmpro-has-access"],"acf":[],"publishpress_future_action":{"enabled":false,"date":"2026-04-18 07:23:58","action":"change-status","newStatus":"draft","terms":[],"taxonomy":"translation_priority","extraData":[]},"publishpress_future_workflow_manual_trigger":{"enabledWorkflows":[]},"wpml_current_locale":"pt_PT","wpml_translations":{"es_ES":{"locale":"es_ES","id":331676,"slug":"vacunacion","post_title":"Vacunaci\u00f3n","href":"https:\/\/medizinonline.com\/es\/vacunacion\/"}},"_links":{"self":[{"href":"https:\/\/medizinonline.com\/pt-pt\/wp-json\/wp\/v2\/pages\/331665","targetHints":{"allow":["GET"]}}],"collection":[{"href":"https:\/\/medizinonline.com\/pt-pt\/wp-json\/wp\/v2\/pages"}],"about":[{"href":"https:\/\/medizinonline.com\/pt-pt\/wp-json\/wp\/v2\/types\/page"}],"author":[{"embeddable":true,"href":"https:\/\/medizinonline.com\/pt-pt\/wp-json\/wp\/v2\/users\/16797"}],"replies":[{"embeddable":true,"href":"https:\/\/medizinonline.com\/pt-pt\/wp-json\/wp\/v2\/comments?post=331665"}],"version-history":[{"count":1,"href":"https:\/\/medizinonline.com\/pt-pt\/wp-json\/wp\/v2\/pages\/331665\/revisions"}],"predecessor-version":[{"id":331671,"href":"https:\/\/medizinonline.com\/pt-pt\/wp-json\/wp\/v2\/pages\/331665\/revisions\/331671"}],"wp:featuredmedia":[{"embeddable":true,"href":"https:\/\/medizinonline.com\/pt-pt\/wp-json\/wp\/v2\/media\/133825"}],"wp:attachment":[{"href":"https:\/\/medizinonline.com\/pt-pt\/wp-json\/wp\/v2\/media?parent=331665"}],"curies":[{"name":"wp","href":"https:\/\/api.w.org\/{rel}","templated":true}]}}