{"id":331874,"date":"2014-09-05T11:42:03","date_gmt":"2014-09-05T09:42:03","guid":{"rendered":"https:\/\/medizinonline.com\/impressao\/"},"modified":"2023-01-24T20:37:08","modified_gmt":"2023-01-24T19:37:08","slug":"impressao","status":"publish","type":"page","link":"https:\/\/medizinonline.com\/pt-pt\/impressao\/","title":{"rendered":"Impress\u00e3o"},"content":{"rendered":"\n<p>Prime Public Media AG<br\/>Neugasse 10<br\/>CH-8005 Zurique<br\/>Tel: +41 44 250 28 70<br\/>Email: info@medizinonline.com<\/p>\n\n<p>Registo Comercial do Cant\u00e3o de Zurique<br\/>CHE-246.600.401<\/p>\n\n<p>CEO<br\/>Stefan C. Schreiber<\/p>\n\n<p>O fornecedor da medizinonline.com \u00e9 a Prime Public Media AG, a menos que outras empresas sejam identificadas como fornecedores em partes identificadas separadamente da oferta global.<br\/>Apesar da verifica\u00e7\u00e3o cuidadosa por parte dos editores, n\u00e3o pode ser aceite qualquer responsabilidade pela exactid\u00e3o das publica\u00e7\u00f5es. Da mesma forma, n\u00e3o se assume qualquer responsabilidade pelo conte\u00fado que possa ser acedido atrav\u00e9s de liga\u00e7\u00f5es externas ou que seja reconhecidamente afixado por terceiros.<br\/>O conte\u00fado disponibilizado no medizinonline.com n\u00e3o pode &#8211; mesmo em parte &#8211; ser assumido, reimpresso, colocado em servi\u00e7os ou redes da Internet de qualquer tipo, armazenado em suportes de dados e distribu\u00eddo ou reproduzido, divulgado, tornado acess\u00edvel ao p\u00fablico ou explorado de qualquer outra forma sem o consentimento pr\u00e9vio por escrito.<\/p>\n","protected":false},"excerpt":{"rendered":"<p>Prime Public Media AGNeugasse 10CH-8005 ZuriqueTel: +41 44 250 28 70Email: info@medizinonline.com Registo Comercial do Cant\u00e3o de ZuriqueCHE-246.600.401 CEOStefan C. Schreiber O fornecedor da medizinonline.com \u00e9 a Prime Public Media&hellip;<\/p>\n","protected":false},"author":7,"featured_media":0,"parent":0,"menu_order":0,"comment_status":"closed","ping_status":"closed","template":"","meta":{"_acf_changed":false,"pmpro_default_level":"","footnotes":""},"class_list":["post-331874","page","type-page","status-publish","pmpro-has-access"],"acf":[],"publishpress_future_action":{"enabled":false,"date":"2026-05-07 00:19:16","action":"change-status","newStatus":"draft","terms":[],"taxonomy":"translation_priority","extraData":[]},"publishpress_future_workflow_manual_trigger":{"enabledWorkflows":[]},"wpml_current_locale":"pt_PT","wpml_translations":{"es_ES":{"locale":"es_ES","id":331876,"slug":"pie-de-imprenta","post_title":"Pie de imprenta","href":"https:\/\/medizinonline.com\/es\/pie-de-imprenta\/"}},"_links":{"self":[{"href":"https:\/\/medizinonline.com\/pt-pt\/wp-json\/wp\/v2\/pages\/331874","targetHints":{"allow":["GET"]}}],"collection":[{"href":"https:\/\/medizinonline.com\/pt-pt\/wp-json\/wp\/v2\/pages"}],"about":[{"href":"https:\/\/medizinonline.com\/pt-pt\/wp-json\/wp\/v2\/types\/page"}],"author":[{"embeddable":true,"href":"https:\/\/medizinonline.com\/pt-pt\/wp-json\/wp\/v2\/users\/7"}],"replies":[{"embeddable":true,"href":"https:\/\/medizinonline.com\/pt-pt\/wp-json\/wp\/v2\/comments?post=331874"}],"version-history":[{"count":2,"href":"https:\/\/medizinonline.com\/pt-pt\/wp-json\/wp\/v2\/pages\/331874\/revisions"}],"predecessor-version":[{"id":348754,"href":"https:\/\/medizinonline.com\/pt-pt\/wp-json\/wp\/v2\/pages\/331874\/revisions\/348754"}],"wp:attachment":[{"href":"https:\/\/medizinonline.com\/pt-pt\/wp-json\/wp\/v2\/media?parent=331874"}],"curies":[{"name":"wp","href":"https:\/\/api.w.org\/{rel}","templated":true}]}}